{"id":9041,"date":"2018-01-09T14:56:04","date_gmt":"2018-01-09T13:56:04","guid":{"rendered":"http:\/\/armeirre.de\/Kunden\/ambiente\/ambiente_relaunch\/?page_id=9041"},"modified":"2018-06-11T14:54:48","modified_gmt":"2018-06-11T12:54:48","slug":"geschenke-und-accessoires","status":"publish","type":"page","link":"https:\/\/ambiente-blog.svaerm.com\/de\/geschenke-und-accessoires\/","title":{"rendered":"Geschenke &#038; Accessoires"},"content":{"rendered":"<p>F\u00fcrs sch\u00f6ne Leben: stilvolle Geschenke und au\u00dfergew\u00f6hnliche Accessoires, die den Alltag dekorieren und Lifestyle ausdr\u00fccken.<\/p>\n","protected":false},"excerpt":{"rendered":"<p>F\u00fcrs sch\u00f6ne Leben: stilvolle Geschenke und au\u00dfergew\u00f6hnliche Accessoires, die den Alltag dekorieren und Lifestyle ausdr\u00fccken.<\/p>\n","protected":false},"author":20,"featured_media":0,"parent":0,"menu_order":0,"comment_status":"closed","ping_status":"closed","template":"page-archive-cat2.php","meta":{"_acf_changed":false,"footnotes":""},"class_list":["post-9041","page","type-page","status-publish","hentry"],"acf":[],"_links":{"self":[{"href":"https:\/\/ambiente-blog.svaerm.com\/de\/wp-json\/wp\/v2\/pages\/9041","targetHints":{"allow":["GET"]}}],"collection":[{"href":"https:\/\/ambiente-blog.svaerm.com\/de\/wp-json\/wp\/v2\/pages"}],"about":[{"href":"https:\/\/ambiente-blog.svaerm.com\/de\/wp-json\/wp\/v2\/types\/page"}],"author":[{"embeddable":true,"href":"https:\/\/ambiente-blog.svaerm.com\/de\/wp-json\/wp\/v2\/users\/20"}],"replies":[{"embeddable":true,"href":"https:\/\/ambiente-blog.svaerm.com\/de\/wp-json\/wp\/v2\/comments?post=9041"}],"version-history":[{"count":0,"href":"https:\/\/ambiente-blog.svaerm.com\/de\/wp-json\/wp\/v2\/pages\/9041\/revisions"}],"wp:attachment":[{"href":"https:\/\/ambiente-blog.svaerm.com\/de\/wp-json\/wp\/v2\/media?parent=9041"}],"curies":[{"name":"wp","href":"https:\/\/api.w.org\/{rel}","templated":true}]}}